{"id":8,"date":"2020-12-07T00:15:22","date_gmt":"2020-12-07T00:15:22","guid":{"rendered":"https:\/\/canoe.moxiworks.com\/teamvanrahan\/get-advice-selling"},"modified":"2024-04-10T16:48:27","modified_gmt":"2024-04-10T20:48:27","slug":"get-advice-selling","status":"publish","type":"page","link":"https:\/\/teamvanrahan.com\/fr-ca\/get-advice-selling","title":{"rendered":"VENDEURS"},"content":{"rendered":"\n<h2>\n\t\tL&#8217;AVANTAGE CENTURY 21\n\t<\/h2>\n<h4>\n\t\tVisibilit\u00e9 mondiale\n\t<\/h4>\n\t<p>Votre propri\u00e9t\u00e9 b\u00e9n\u00e9ficie d&#8217;une visibilit\u00e9 mondiale optimale, puisque votre inscription est publi\u00e9e dans votre r\u00e9gion et dans le monde entier. Chaque inscription CENTURY 21 est publi\u00e9e sur Century21Global.com, site Web accessible dans 36 pays et 18 langues.<\/p>\n<h4>\n\t\tPlan de marketing personnalis\u00e9\n\t<\/h4>\n\t<p>We will work with you to create a marketing plan that will get you the best price for your property. CENTURY 21 helps you effectively promote your listing and set yourself apart from the competition.<\/p>\n\t\t\t<a href=\"\/fr-ca\/about-me\" target=\"_self\" rel=\"noopener\">\n\t\t\t\t\t\t\tContactez-moi\n\t\t\t\t\t<\/a>\n\t\t\t\t<img decoding=\"async\" src=\"\/\/templates.c21canada.moxiworks.net\/files\/2021\/01\/GetAvice-2.jpg\" alt=\"GetAvice-2\" itemprop=\"image\" height=\"634\" width=\"695\" title=\"GetAvice-2\" onerror=\"this.style.display='none'\"  \/>\n<h2>\n\t\tPR\u00caT POUR LA PROCHAINE \u00c9TAPE?\n\t<\/h2>\n\t<p>Je me ferai un plaisir de vous aider \u00e0 r\u00e9aliser vos objectifs d&#8217;accession \u00e0 la propri\u00e9t\u00e9. Communiquez avec moi pour entamer vos d\u00e9marches d\u00e8s aujourd&#8217;hui. Ce que je propose :<\/p>\n\n","protected":false},"excerpt":{"rendered":"<p>L&#8217;AVANTAGE CENTURY 21 Visibilit\u00e9 mondiale Votre propri\u00e9t\u00e9 b\u00e9n\u00e9ficie d&#8217;une visibilit\u00e9 mondiale optimale, puisque votre inscription est publi\u00e9e dans votre r\u00e9gion et dans le monde entier. Chaque inscription CENTURY 21 est publi\u00e9e sur Century21Global.com, site Web accessible dans 36 pays et 18 langues. Plan de marketing personnalis\u00e9 We will work with you to create a marketing [&hellip;]<\/p>\n","protected":false},"author":2,"featured_media":1856,"parent":0,"menu_order":0,"comment_status":"closed","ping_status":"closed","template":"","meta":{"footnotes":""},"class_list":["post-8","page","type-page","status-publish","has-post-thumbnail","hentry"],"_links":{"self":[{"href":"https:\/\/teamvanrahan.com\/fr-ca\/wp-json\/wp\/v2\/pages\/8","targetHints":{"allow":["GET"]}}],"collection":[{"href":"https:\/\/teamvanrahan.com\/fr-ca\/wp-json\/wp\/v2\/pages"}],"about":[{"href":"https:\/\/teamvanrahan.com\/fr-ca\/wp-json\/wp\/v2\/types\/page"}],"author":[{"embeddable":true,"href":"https:\/\/teamvanrahan.com\/fr-ca\/wp-json\/wp\/v2\/users\/2"}],"replies":[{"embeddable":true,"href":"https:\/\/teamvanrahan.com\/fr-ca\/wp-json\/wp\/v2\/comments?post=8"}],"version-history":[{"count":2,"href":"https:\/\/teamvanrahan.com\/fr-ca\/wp-json\/wp\/v2\/pages\/8\/revisions"}],"predecessor-version":[{"id":1010,"href":"https:\/\/teamvanrahan.com\/fr-ca\/wp-json\/wp\/v2\/pages\/8\/revisions\/1010"}],"wp:featuredmedia":[{"embeddable":true,"href":"https:\/\/teamvanrahan.com\/fr-ca\/wp-json\/"}],"wp:attachment":[{"href":"https:\/\/teamvanrahan.com\/fr-ca\/wp-json\/wp\/v2\/media?parent=8"}],"curies":[{"name":"wp","href":"https:\/\/api.w.org\/{rel}","templated":true}]}}